{"id":103,"date":"2023-12-06T18:15:57","date_gmt":"2023-12-06T17:15:57","guid":{"rendered":"https:\/\/islandpferde-vom-skogahof.de\/wordpress\/?page_id=103"},"modified":"2025-12-10T19:49:16","modified_gmt":"2025-12-10T18:49:16","slug":"fohlen-2024","status":"publish","type":"page","link":"https:\/\/islandpferde-vom-skogahof.de\/wordpress\/fohlen-2024\/","title":{"rendered":"Fohlen 2024"},"content":{"rendered":"\n<p><strong>Unser erstes Fohlen ist am 08.04.2024 ist geboren!<\/strong><\/p>\n\n\n\n<p><strong><mark style=\"background-color:rgba(0, 0, 0, 0)\" class=\"has-inline-color has-contrast-color\">V\u00eenur vom Sk\u00f3gahof (Braunfalbschecke)<\/mark><\/strong> <\/p>\n\n\n\n<p>V\u00eenir war am Tag seiner Geburt bereits sagenhafte 98cm gro\u00df. Er zeigt freilaufend alle 5 G\u00e4nge sehr vielversprechend mit sch\u00f6ner Mechanik. Vinur hat das schicke Geb\u00e4ude von seiner Opa-Seite (Isak fra Bjorsabakka) geerbt. Isak erhielt die 8,84 f\u00fcr sein Geb\u00e4ude auf der FIZO und 8,61 gesamt als Vierg\u00e4nger!<\/p>\n\n\n\n<p>V\u00eenur kann ich mir sp\u00e4ter sehr gut als Sporthengst und Deckhengst vorstellen. Er vereint Farbe, Gr\u00f6\u00dfe, Abstammung, Gang und Charakter. Unser Zuchtziel ist mit ihm zu 100% erreicht worden.<\/p>\n\n\n\n<p>Im September wurde V\u00eenur Fohlen-Feif gepr\u00fcft und erhielt folgende Bewertung:<\/p>\n\n\n\n<p>Geb\u00e4ude: 8,1                                                                                                Charakter: 8,1                                                                                                      Gang: 7,9                                                                                                            <strong>Gesamt: 8,0 und somit ELITE!<\/strong><\/p>\n\n\n\n<p>Wir sind sehr gespannt auf seine Entwicklung. Er wird als Hengstanw\u00e4rter bei uns bleiben und steht aktuell mit seinem Papa (Glaesir fra Hjardarholti) und Dimon zusammenstehen.<\/p>\n\n\n\n<figure class=\"wp-block-gallery has-nested-images columns-default is-cropped wp-block-gallery-1 is-layout-flex wp-block-gallery-is-layout-flex\">\n<figure class=\"wp-block-image size-large\"><img loading=\"lazy\" decoding=\"async\" width=\"768\" height=\"1024\" data-id=\"304\" src=\"https:\/\/islandpferde-vom-skogahof.de\/wordpress\/wp-content\/uploads\/2024\/04\/IMG_2292-768x1024.jpg\" alt=\"\" class=\"wp-image-304\" srcset=\"https:\/\/islandpferde-vom-skogahof.de\/wordpress\/wp-content\/uploads\/2024\/04\/IMG_2292-768x1024.jpg 768w, https:\/\/islandpferde-vom-skogahof.de\/wordpress\/wp-content\/uploads\/2024\/04\/IMG_2292-225x300.jpg 225w, https:\/\/islandpferde-vom-skogahof.de\/wordpress\/wp-content\/uploads\/2024\/04\/IMG_2292-1152x1536.jpg 1152w, https:\/\/islandpferde-vom-skogahof.de\/wordpress\/wp-content\/uploads\/2024\/04\/IMG_2292-1536x2048.jpg 1536w, https:\/\/islandpferde-vom-skogahof.de\/wordpress\/wp-content\/uploads\/2024\/04\/IMG_2292-scaled.jpg 1920w\" sizes=\"auto, (max-width: 768px) 100vw, 768px\" \/><\/figure>\n<\/figure>\n\n\n\n<figure class=\"wp-block-gallery has-nested-images columns-default is-cropped wp-block-gallery-2 is-layout-flex wp-block-gallery-is-layout-flex\">\n<figure class=\"wp-block-image size-large\"><img loading=\"lazy\" decoding=\"async\" width=\"768\" height=\"1024\" data-id=\"306\" src=\"https:\/\/islandpferde-vom-skogahof.de\/wordpress\/wp-content\/uploads\/2024\/04\/IMG_2189-768x1024.jpg\" alt=\"\" class=\"wp-image-306\" srcset=\"https:\/\/islandpferde-vom-skogahof.de\/wordpress\/wp-content\/uploads\/2024\/04\/IMG_2189-768x1024.jpg 768w, https:\/\/islandpferde-vom-skogahof.de\/wordpress\/wp-content\/uploads\/2024\/04\/IMG_2189-225x300.jpg 225w, https:\/\/islandpferde-vom-skogahof.de\/wordpress\/wp-content\/uploads\/2024\/04\/IMG_2189-1152x1536.jpg 1152w, https:\/\/islandpferde-vom-skogahof.de\/wordpress\/wp-content\/uploads\/2024\/04\/IMG_2189-1536x2048.jpg 1536w, https:\/\/islandpferde-vom-skogahof.de\/wordpress\/wp-content\/uploads\/2024\/04\/IMG_2189-scaled.jpg 1920w\" sizes=\"auto, (max-width: 768px) 100vw, 768px\" \/><\/figure>\n<\/figure>\n\n\n\n<p><strong>M<\/strong>: <em>IS2014288217 &#8211; Komma fr\u00e1 Mi\u00f0felli 2  <\/em><\/p>\n\n\n\n<p><em><strong>V<\/strong>:IS2020158980 &#8211; Gl\u00e6sir fr\u00e1 Hjar\u00f0arholti<\/em> (Elite: 8,12, getesteter Isabellfalbschecke)<\/p>\n\n\n\n<figure class=\"wp-block-gallery has-nested-images columns-default is-cropped wp-block-gallery-3 is-layout-flex wp-block-gallery-is-layout-flex\">\n<figure class=\"wp-block-image size-large\"><img loading=\"lazy\" decoding=\"async\" width=\"1024\" height=\"874\" data-id=\"271\" src=\"https:\/\/islandpferde-vom-skogahof.de\/wordpress\/wp-content\/uploads\/2024\/02\/Komma2-1-1024x874.jpg\" alt=\"\" class=\"wp-image-271\" srcset=\"https:\/\/islandpferde-vom-skogahof.de\/wordpress\/wp-content\/uploads\/2024\/02\/Komma2-1-1024x874.jpg 1024w, https:\/\/islandpferde-vom-skogahof.de\/wordpress\/wp-content\/uploads\/2024\/02\/Komma2-1-300x256.jpg 300w, https:\/\/islandpferde-vom-skogahof.de\/wordpress\/wp-content\/uploads\/2024\/02\/Komma2-1-768x656.jpg 768w, https:\/\/islandpferde-vom-skogahof.de\/wordpress\/wp-content\/uploads\/2024\/02\/Komma2-1-1536x1311.jpg 1536w, https:\/\/islandpferde-vom-skogahof.de\/wordpress\/wp-content\/uploads\/2024\/02\/Komma2-1.jpg 1600w\" sizes=\"auto, (max-width: 1024px) 100vw, 1024px\" \/><\/figure>\n<\/figure>\n\n\n\n<figure class=\"wp-block-gallery has-nested-images columns-default is-cropped wp-block-gallery-4 is-layout-flex wp-block-gallery-is-layout-flex\">\n<figure class=\"wp-block-image size-large\"><img loading=\"lazy\" decoding=\"async\" width=\"640\" height=\"640\" data-id=\"272\" src=\"https:\/\/islandpferde-vom-skogahof.de\/wordpress\/wp-content\/uploads\/2024\/02\/Glaesir-fra.jpg\" alt=\"\" class=\"wp-image-272\" srcset=\"https:\/\/islandpferde-vom-skogahof.de\/wordpress\/wp-content\/uploads\/2024\/02\/Glaesir-fra.jpg 640w, https:\/\/islandpferde-vom-skogahof.de\/wordpress\/wp-content\/uploads\/2024\/02\/Glaesir-fra-300x300.jpg 300w, https:\/\/islandpferde-vom-skogahof.de\/wordpress\/wp-content\/uploads\/2024\/02\/Glaesir-fra-150x150.jpg 150w\" sizes=\"auto, (max-width: 640px) 100vw, 640px\" \/><\/figure>\n<\/figure>\n\n\n\n<p>    Unser zweites Fohlen:<\/p>\n\n\n\n<p><strong>D\u00eemon vom Sk\u00f4gahof<\/strong> <strong>(Isabellfalbschecke (TO\/TO) mit blauen Augen<\/strong> <strong>OHNE Splash!)<\/strong><\/p>\n\n\n\n<p>D\u00eemon ist ein etwas kleinerer F\u00fcnfganghengst. Er hat eine sehr besondere Farbe: Isabellfalbschecke mit blauen Augen und ist zudem noch reinerbig f\u00fcr das Scheckgen. Somit hat er 1:1 die selbe Farbe, wie sein Papa: Glaesir fra Hjardarholti. Glaesir und D\u00eemon sind die einzigen Islandpferde weltweit, die mit dieser Farbe auf Woldfengur eingetragen sind. Also was ganz besonderes!<\/p>\n\n\n\n<p>D\u00eemon ist sehr anh\u00e4nglich und einfach cool. Er hat \u00fcberhaupt keine Angst vor fremden Sachen und erschreckt sich so gut wie gar nicht. Wir k\u00f6nnen ihn uns sp\u00e4ter als tolles Reitpferd f\u00fcr Wanderritte, Trail und spa\u00dfige Sachen ( wie Fu\u00dfball spielen) vorstellen. <\/p>\n\n\n\n<p>Auch D\u00eemon wurde im September Fohlen-Feif gepr\u00fcft, mit folgenden Noten:<\/p>\n\n\n\n<p>Geb\u00e4ude: 8,0                                                                                                 Charakter: 7,8                                                                                                        Gang: 7,8                                                                                                         Gesamt: 7,86<\/p>\n\n\n\n<p> Wir sind sehr gespannt, wie er sich entwickelt.<\/p>\n\n\n\n<p><strong>Dimon ist verkauft<\/strong>!<\/p>\n\n\n\n<figure class=\"wp-block-gallery has-nested-images columns-default is-cropped wp-block-gallery-5 is-layout-flex wp-block-gallery-is-layout-flex\">\n<figure class=\"wp-block-image size-large\"><img loading=\"lazy\" decoding=\"async\" width=\"820\" height=\"1024\" data-id=\"313\" src=\"https:\/\/islandpferde-vom-skogahof.de\/wordpress\/wp-content\/uploads\/2024\/06\/441619808_454126530433076_211342817330525783_n-820x1024.jpg\" alt=\"\" class=\"wp-image-313\" srcset=\"https:\/\/islandpferde-vom-skogahof.de\/wordpress\/wp-content\/uploads\/2024\/06\/441619808_454126530433076_211342817330525783_n-820x1024.jpg 820w, https:\/\/islandpferde-vom-skogahof.de\/wordpress\/wp-content\/uploads\/2024\/06\/441619808_454126530433076_211342817330525783_n-240x300.jpg 240w, https:\/\/islandpferde-vom-skogahof.de\/wordpress\/wp-content\/uploads\/2024\/06\/441619808_454126530433076_211342817330525783_n-768x959.jpg 768w, https:\/\/islandpferde-vom-skogahof.de\/wordpress\/wp-content\/uploads\/2024\/06\/441619808_454126530433076_211342817330525783_n-1229x1536.jpg 1229w, https:\/\/islandpferde-vom-skogahof.de\/wordpress\/wp-content\/uploads\/2024\/06\/441619808_454126530433076_211342817330525783_n.jpg 1440w\" sizes=\"auto, (max-width: 820px) 100vw, 820px\" \/><\/figure>\n<\/figure>\n\n\n\n<figure class=\"wp-block-image size-large\"><img loading=\"lazy\" decoding=\"async\" width=\"820\" height=\"1024\" src=\"https:\/\/islandpferde-vom-skogahof.de\/wordpress\/wp-content\/uploads\/2024\/06\/442994175_1014083303765847_7676853415966333501_n-820x1024.jpg\" alt=\"\" class=\"wp-image-314\" srcset=\"https:\/\/islandpferde-vom-skogahof.de\/wordpress\/wp-content\/uploads\/2024\/06\/442994175_1014083303765847_7676853415966333501_n-820x1024.jpg 820w, https:\/\/islandpferde-vom-skogahof.de\/wordpress\/wp-content\/uploads\/2024\/06\/442994175_1014083303765847_7676853415966333501_n-240x300.jpg 240w, https:\/\/islandpferde-vom-skogahof.de\/wordpress\/wp-content\/uploads\/2024\/06\/442994175_1014083303765847_7676853415966333501_n-768x959.jpg 768w, https:\/\/islandpferde-vom-skogahof.de\/wordpress\/wp-content\/uploads\/2024\/06\/442994175_1014083303765847_7676853415966333501_n-1229x1536.jpg 1229w, https:\/\/islandpferde-vom-skogahof.de\/wordpress\/wp-content\/uploads\/2024\/06\/442994175_1014083303765847_7676853415966333501_n.jpg 1440w\" sizes=\"auto, (max-width: 820px) 100vw, 820px\" \/><\/figure>\n\n\n\n<figure class=\"wp-block-gallery has-nested-images columns-default is-cropped wp-block-gallery-6 is-layout-flex wp-block-gallery-is-layout-flex\">\n<figure class=\"wp-block-image size-full\"><img loading=\"lazy\" decoding=\"async\" width=\"960\" height=\"649\" data-id=\"347\" src=\"https:\/\/islandpferde-vom-skogahof.de\/wordpress\/wp-content\/uploads\/2024\/08\/Dimon.jpg\" alt=\"\" class=\"wp-image-347\" srcset=\"https:\/\/islandpferde-vom-skogahof.de\/wordpress\/wp-content\/uploads\/2024\/08\/Dimon.jpg 960w, https:\/\/islandpferde-vom-skogahof.de\/wordpress\/wp-content\/uploads\/2024\/08\/Dimon-300x203.jpg 300w, https:\/\/islandpferde-vom-skogahof.de\/wordpress\/wp-content\/uploads\/2024\/08\/Dimon-768x519.jpg 768w\" sizes=\"auto, (max-width: 960px) 100vw, 960px\" \/><\/figure>\n<\/figure>\n\n\n\n<p><em>DE2020235785 &#8211; Frenja x IS2020158980 &#8211; Gl\u00e6sir fr\u00e1 Hjar\u00f0arholti<\/em><\/p>\n\n\n\n<figure class=\"wp-block-gallery has-nested-images columns-default is-cropped wp-block-gallery-7 is-layout-flex wp-block-gallery-is-layout-flex\">\n<figure class=\"wp-block-image size-large\"><img loading=\"lazy\" decoding=\"async\" width=\"513\" height=\"1024\" data-id=\"277\" src=\"https:\/\/islandpferde-vom-skogahof.de\/wordpress\/wp-content\/uploads\/2024\/02\/zfrgfm08-513x1024.png\" alt=\"\" class=\"wp-image-277\" srcset=\"https:\/\/islandpferde-vom-skogahof.de\/wordpress\/wp-content\/uploads\/2024\/02\/zfrgfm08-513x1024.png 513w, https:\/\/islandpferde-vom-skogahof.de\/wordpress\/wp-content\/uploads\/2024\/02\/zfrgfm08-150x300.png 150w, https:\/\/islandpferde-vom-skogahof.de\/wordpress\/wp-content\/uploads\/2024\/02\/zfrgfm08.png 722w\" sizes=\"auto, (max-width: 513px) 100vw, 513px\" \/><\/figure>\n<\/figure>\n","protected":false},"excerpt":{"rendered":"<p>Unser erstes Fohlen ist am 08.04.2024 ist geboren! V\u00eenur vom Sk\u00f3gahof (Braunfalbschecke) V\u00eenir war am Tag seiner Geburt bereits sagenhafte 98cm gro\u00df. Er zeigt freilaufend alle 5 G\u00e4nge sehr vielversprechend mit sch\u00f6ner Mechanik. Vinur hat das schicke Geb\u00e4ude von seiner Opa-Seite (Isak fra Bjorsabakka) geerbt. Isak erhielt die 8,84 f\u00fcr sein Geb\u00e4ude auf der FIZO [&hellip;]<\/p>\n","protected":false},"author":1,"featured_media":0,"parent":0,"menu_order":0,"comment_status":"closed","ping_status":"closed","template":"","meta":{"footnotes":""},"class_list":["post-103","page","type-page","status-publish","hentry"],"_links":{"self":[{"href":"https:\/\/islandpferde-vom-skogahof.de\/wordpress\/wp-json\/wp\/v2\/pages\/103","targetHints":{"allow":["GET"]}}],"collection":[{"href":"https:\/\/islandpferde-vom-skogahof.de\/wordpress\/wp-json\/wp\/v2\/pages"}],"about":[{"href":"https:\/\/islandpferde-vom-skogahof.de\/wordpress\/wp-json\/wp\/v2\/types\/page"}],"author":[{"embeddable":true,"href":"https:\/\/islandpferde-vom-skogahof.de\/wordpress\/wp-json\/wp\/v2\/users\/1"}],"replies":[{"embeddable":true,"href":"https:\/\/islandpferde-vom-skogahof.de\/wordpress\/wp-json\/wp\/v2\/comments?post=103"}],"version-history":[{"count":27,"href":"https:\/\/islandpferde-vom-skogahof.de\/wordpress\/wp-json\/wp\/v2\/pages\/103\/revisions"}],"predecessor-version":[{"id":400,"href":"https:\/\/islandpferde-vom-skogahof.de\/wordpress\/wp-json\/wp\/v2\/pages\/103\/revisions\/400"}],"wp:attachment":[{"href":"https:\/\/islandpferde-vom-skogahof.de\/wordpress\/wp-json\/wp\/v2\/media?parent=103"}],"curies":[{"name":"wp","href":"https:\/\/api.w.org\/{rel}","templated":true}]}}