{"id":97,"date":"2023-12-06T18:12:30","date_gmt":"2023-12-06T17:12:30","guid":{"rendered":"https:\/\/islandpferde-vom-skogahof.de\/wordpress\/?page_id=97"},"modified":"2024-02-20T20:16:25","modified_gmt":"2024-02-20T19:16:25","slug":"fohlen-2021","status":"publish","type":"page","link":"https:\/\/islandpferde-vom-skogahof.de\/wordpress\/fohlen-2021\/","title":{"rendered":"Fohlen 2021"},"content":{"rendered":"\n<p><strong>In diesem Jahr kam das erste Sk\u00f3gahof-Fohlen zur Welt:<\/strong><\/p>\n\n\n\n<p><em>DE2021235518 &#8211; Stjarna vom Sk\u00f3gahof<\/em>:<\/p>\n\n\n\n<p><strong>Mutter<\/strong>: IS2016201692 &#8211; D\u00edsa fr\u00e1 Eldborg<\/p>\n\n\n\n<p><strong>Vater<\/strong>: IS2012136873 &#8211; M\u00e1ni fr\u00e1 Hrafnkelsst\u00f6\u00f0um<\/p>\n\n\n\n<p>Stjarna wird dieses Jahr 3 Jahre alt und somit f\u00fcr die Materialpr\u00fcfung im April in Handorf vorbereitet. Sie hat als Fohlen folgende Noten bekommen:<\/p>\n\n\n\n<p>Geb\u00e4ude: 8,0 Charakter: 7,8 Gang: 7,8 = 7,86<\/p>\n\n\n\n<p>Sie ist jetzt schon 1,42m gro\u00df und zeigt freilaufend extrem guten und schnellen Rennpass. In Zukunft soll sie in Fenjas Fu\u00dfstapfen treten und ihre St\u00e4rken im: Passrennen, Speedpass und in der Passpr\u00fcfung zeigen. &lt;3<\/p>\n\n\n\n<figure class=\"wp-block-image size-large\"><img loading=\"lazy\" decoding=\"async\" width=\"1024\" height=\"842\" src=\"https:\/\/islandpferde-vom-skogahof.de\/wordpress\/wp-content\/uploads\/2024\/02\/308359905_1115564152396423_362216294954088658_n-1024x842.jpg\" alt=\"\" class=\"wp-image-248\" srcset=\"https:\/\/islandpferde-vom-skogahof.de\/wordpress\/wp-content\/uploads\/2024\/02\/308359905_1115564152396423_362216294954088658_n-1024x842.jpg 1024w, https:\/\/islandpferde-vom-skogahof.de\/wordpress\/wp-content\/uploads\/2024\/02\/308359905_1115564152396423_362216294954088658_n-300x247.jpg 300w, https:\/\/islandpferde-vom-skogahof.de\/wordpress\/wp-content\/uploads\/2024\/02\/308359905_1115564152396423_362216294954088658_n-768x631.jpg 768w, https:\/\/islandpferde-vom-skogahof.de\/wordpress\/wp-content\/uploads\/2024\/02\/308359905_1115564152396423_362216294954088658_n.jpg 1440w\" sizes=\"auto, (max-width: 1024px) 100vw, 1024px\" \/><\/figure>\n\n\n\n<figure class=\"wp-block-gallery has-nested-images columns-default is-cropped wp-block-gallery-1 is-layout-flex wp-block-gallery-is-layout-flex\">\n<figure class=\"wp-block-image size-large\"><img loading=\"lazy\" decoding=\"async\" width=\"819\" height=\"1024\" data-id=\"249\" src=\"https:\/\/islandpferde-vom-skogahof.de\/wordpress\/wp-content\/uploads\/2024\/02\/309603855_458288909429989_3862694432080548245_n-819x1024.jpg\" alt=\"\" class=\"wp-image-249\" srcset=\"https:\/\/islandpferde-vom-skogahof.de\/wordpress\/wp-content\/uploads\/2024\/02\/309603855_458288909429989_3862694432080548245_n-819x1024.jpg 819w, https:\/\/islandpferde-vom-skogahof.de\/wordpress\/wp-content\/uploads\/2024\/02\/309603855_458288909429989_3862694432080548245_n-240x300.jpg 240w, https:\/\/islandpferde-vom-skogahof.de\/wordpress\/wp-content\/uploads\/2024\/02\/309603855_458288909429989_3862694432080548245_n-768x960.jpg 768w, https:\/\/islandpferde-vom-skogahof.de\/wordpress\/wp-content\/uploads\/2024\/02\/309603855_458288909429989_3862694432080548245_n-1229x1536.jpg 1229w, https:\/\/islandpferde-vom-skogahof.de\/wordpress\/wp-content\/uploads\/2024\/02\/309603855_458288909429989_3862694432080548245_n.jpg 1417w\" sizes=\"auto, (max-width: 819px) 100vw, 819px\" \/><\/figure>\n<\/figure>\n","protected":false},"excerpt":{"rendered":"<p>In diesem Jahr kam das erste Sk\u00f3gahof-Fohlen zur Welt: DE2021235518 &#8211; Stjarna vom Sk\u00f3gahof: Mutter: IS2016201692 &#8211; D\u00edsa fr\u00e1 Eldborg Vater: IS2012136873 &#8211; M\u00e1ni fr\u00e1 Hrafnkelsst\u00f6\u00f0um Stjarna wird dieses Jahr 3 Jahre alt und somit f\u00fcr die Materialpr\u00fcfung im April in Handorf vorbereitet. Sie hat als Fohlen folgende Noten bekommen: Geb\u00e4ude: 8,0 Charakter: 7,8 Gang: [&hellip;]<\/p>\n","protected":false},"author":1,"featured_media":0,"parent":0,"menu_order":0,"comment_status":"closed","ping_status":"closed","template":"","meta":{"footnotes":""},"class_list":["post-97","page","type-page","status-publish","hentry"],"_links":{"self":[{"href":"https:\/\/islandpferde-vom-skogahof.de\/wordpress\/wp-json\/wp\/v2\/pages\/97","targetHints":{"allow":["GET"]}}],"collection":[{"href":"https:\/\/islandpferde-vom-skogahof.de\/wordpress\/wp-json\/wp\/v2\/pages"}],"about":[{"href":"https:\/\/islandpferde-vom-skogahof.de\/wordpress\/wp-json\/wp\/v2\/types\/page"}],"author":[{"embeddable":true,"href":"https:\/\/islandpferde-vom-skogahof.de\/wordpress\/wp-json\/wp\/v2\/users\/1"}],"replies":[{"embeddable":true,"href":"https:\/\/islandpferde-vom-skogahof.de\/wordpress\/wp-json\/wp\/v2\/comments?post=97"}],"version-history":[{"count":8,"href":"https:\/\/islandpferde-vom-skogahof.de\/wordpress\/wp-json\/wp\/v2\/pages\/97\/revisions"}],"predecessor-version":[{"id":269,"href":"https:\/\/islandpferde-vom-skogahof.de\/wordpress\/wp-json\/wp\/v2\/pages\/97\/revisions\/269"}],"wp:attachment":[{"href":"https:\/\/islandpferde-vom-skogahof.de\/wordpress\/wp-json\/wp\/v2\/media?parent=97"}],"curies":[{"name":"wp","href":"https:\/\/api.w.org\/{rel}","templated":true}]}}