{"id":99,"date":"2023-12-06T18:13:10","date_gmt":"2023-12-06T17:13:10","guid":{"rendered":"https:\/\/islandpferde-vom-skogahof.de\/wordpress\/?page_id=99"},"modified":"2024-08-23T11:57:34","modified_gmt":"2024-08-23T09:57:34","slug":"fohlen-2022","status":"publish","type":"page","link":"https:\/\/islandpferde-vom-skogahof.de\/wordpress\/fohlen-2022\/","title":{"rendered":"Fohlen 2022"},"content":{"rendered":"\n<p><strong>Das ist unser Fohlenjahrgang aus dem Jahr 2022:<\/strong><\/p>\n\n\n\n<p><em>DE2022235232 &#8211; Gy\u00f0ja vom Sk\u00f3gahof<\/em>:<\/p>\n\n\n\n<p><strong>Mutter: <\/strong>IS2016201692 &#8211; D\u00edsa fr\u00e1 Eldborg<\/p>\n\n\n\n<p><strong>Vater:<\/strong> IS2012136873 &#8211; M\u00e1ni fr\u00e1 Hrafnkelsst\u00f6\u00f0um<\/p>\n\n\n\n<p>Gydja ist eine extrem gro\u00dfe 5-Gangstute mit spektakul\u00e4rem Trab. Sie hat auf der Fohlenfeif folgende Noten bekommen:<\/p>\n\n\n\n<p>Geb\u00e4ude: 7,8 Charakter: 7,8 Gang: 7,8 = 7,8<\/p>\n\n\n\n<p>Mit ihrem tollen Aussehen: Mausfalbschecke (reinerbig Falbe!) ist sie ein echter Blickfang. Gydja ist aktuell schon 1,5-j\u00e4hrig \u00fcber 1,40m gro\u00df, sehr lieb und unerschrocken. N\u00e4chstes Jahr wird sie ebenfalls zur Materialpr\u00fcfung nach Handorf gehen.<\/p>\n\n\n\n<figure class=\"wp-block-image size-full is-resized\"><img loading=\"lazy\" decoding=\"async\" src=\"https:\/\/islandpferde-vom-skogahof.de\/wordpress\/wp-content\/uploads\/2024\/02\/Gydja.jpg\" alt=\"\" class=\"wp-image-193\" width=\"422\" height=\"562\" srcset=\"https:\/\/islandpferde-vom-skogahof.de\/wordpress\/wp-content\/uploads\/2024\/02\/Gydja.jpg 450w, https:\/\/islandpferde-vom-skogahof.de\/wordpress\/wp-content\/uploads\/2024\/02\/Gydja-225x300.jpg 225w\" sizes=\"auto, (max-width: 422px) 100vw, 422px\" \/><figcaption class=\"wp-element-caption\">Gydja kurz nach ihrer Geburt 2022<\/figcaption><\/figure>\n\n\n\n<p><em>DE2022235716 &#8211; Lilja vom Sk\u00f3gahof<\/em> <strong>(steht zum Verkauf!)<\/strong><\/p>\n\n\n\n<p><strong>Mutter:<\/strong> IS2014288217 &#8211; Komma fr\u00e1 Mi\u00f0felli 2&nbsp;<\/p>\n\n\n\n<p><strong>MV<\/strong>: Kolfinnur fr\u00e1 S\u00f3lheimatungu (6,98 in der F1!) <\/p>\n\n\n\n<p><strong>MM<\/strong>: Gj\u00f6f fr\u00e1 K\u00fdrholti (hat mehrere ELITE Nachzucht, eine Tochter hat 8,46 aufs Geb\u00e4ude!)<\/p>\n\n\n\n<p><strong>Vater: <\/strong>M\u00e1ni fr\u00e1 Hrafnkelsst\u00f6dum (alle G\u00e4nge 8,0 auf der FIZO und 6,9 Futurity Viergang 6-j\u00e4hrig) <\/p>\n\n\n\n<p><strong>VV<\/strong>: Nykur fr\u00e1 Hrafnkelsst\u00f6\u00f0um (Galsi fr\u00e1 Sau\u00f0\u00e1rkr\u00f3ki Sohn!) <\/p>\n\n\n\n<p><strong>VM<\/strong>: Fri\u00f0n\u00fd fr\u00e1 Gar\u00f0i <\/p>\n\n\n\n<p>Lilja hatte einen schweren Start auf der Welt. Ihre Mutter hat zu fr\u00fch angefangen Milch zu geben, wodurch sie die Biestmilch nicht bekam. Trotzdem haben wir es geschafft, dass sie sich gut entwickeln konnte, auch wenn der Start etwas holperig war. Anfangs war sie immer etwas klein, aber aktuell ist sie 1,5-j\u00e4hrig bereits 1,36m. Sie wird kein Riese (wie Gydja) werden, aber die 1,40m sollte sie schaffen. \ud83d\ude00<\/p>\n\n\n\n<p>Lilja ist Naturt\u00f6lterin und hat extrem gute G\u00e4nge! F\u00fcr ihren Schritt hat sie volle Punktzahl bekommen. Sie tritt jetzt schon \u00fcber 4 Hufl\u00e4ngen \u00fcber! Ihr T\u00f6lt ist immer stets taktklar mit hohen Bewegungen und extrem guter Aufrichtung. Sie hat die Aufrichtung und G\u00e4nge vom Papa geerbt. Lilja wird sp\u00e4ter bestimmt eine gute Figur in der T2 und F1 machen. Als Fohlen ist sie nur get\u00f6ltet, aktuell zeigt sie sogar spektakul\u00e4ren Trab. Auf der Fohlenschau erhielt sie folgende Noten:<\/p>\n\n\n\n<p>Geb\u00e4ude: 7,9: Charakter: 8,1 Gang: 8,0 (leider keinen Trab gezeigt)<\/p>\n\n\n\n<p>Lilja wird g\u00fcnstig abgegeben, da sie von meinen anderen beiden Jungstuten sehr ausgegrenzt und weggebissen wird. !PLATZ VOR PREIS!<\/p>\n\n\n\n<p>Wir sind sehr gespannt auf ihre Zukunft! Sie wird ebenfalls 2025 zur Materialpr\u00fcfung gehen, falls sie vorher kein neues Zuhause findet.<\/p>\n\n\n\n<figure class=\"wp-block-gallery has-nested-images columns-default is-cropped wp-block-gallery-1 is-layout-flex wp-block-gallery-is-layout-flex\">\n<figure class=\"wp-block-image size-large is-style-rounded\"><img loading=\"lazy\" decoding=\"async\" width=\"450\" height=\"600\" data-id=\"197\" src=\"https:\/\/islandpferde-vom-skogahof.de\/wordpress\/wp-content\/uploads\/2024\/02\/Lilja-1.jpg\" alt=\"\" class=\"wp-image-197\" srcset=\"https:\/\/islandpferde-vom-skogahof.de\/wordpress\/wp-content\/uploads\/2024\/02\/Lilja-1.jpg 450w, https:\/\/islandpferde-vom-skogahof.de\/wordpress\/wp-content\/uploads\/2024\/02\/Lilja-1-225x300.jpg 225w\" sizes=\"auto, (max-width: 450px) 100vw, 450px\" \/><\/figure>\n<\/figure>\n\n\n\n<figure class=\"wp-block-gallery has-nested-images columns-default is-cropped wp-block-gallery-2 is-layout-flex wp-block-gallery-is-layout-flex\">\n<figure class=\"wp-block-image size-large\"><img loading=\"lazy\" decoding=\"async\" width=\"768\" height=\"1024\" data-id=\"351\" src=\"https:\/\/islandpferde-vom-skogahof.de\/wordpress\/wp-content\/uploads\/2024\/08\/Lilja-768x1024.jpg\" alt=\"\" class=\"wp-image-351\" srcset=\"https:\/\/islandpferde-vom-skogahof.de\/wordpress\/wp-content\/uploads\/2024\/08\/Lilja-768x1024.jpg 768w, https:\/\/islandpferde-vom-skogahof.de\/wordpress\/wp-content\/uploads\/2024\/08\/Lilja-225x300.jpg 225w, https:\/\/islandpferde-vom-skogahof.de\/wordpress\/wp-content\/uploads\/2024\/08\/Lilja.jpg 900w\" sizes=\"auto, (max-width: 768px) 100vw, 768px\" \/><\/figure>\n<\/figure>\n","protected":false},"excerpt":{"rendered":"<p>Das ist unser Fohlenjahrgang aus dem Jahr 2022: DE2022235232 &#8211; Gy\u00f0ja vom Sk\u00f3gahof: Mutter: IS2016201692 &#8211; D\u00edsa fr\u00e1 Eldborg Vater: IS2012136873 &#8211; M\u00e1ni fr\u00e1 Hrafnkelsst\u00f6\u00f0um Gydja ist eine extrem gro\u00dfe 5-Gangstute mit spektakul\u00e4rem Trab. Sie hat auf der Fohlenfeif folgende Noten bekommen: Geb\u00e4ude: 7,8 Charakter: 7,8 Gang: 7,8 = 7,8 Mit ihrem tollen Aussehen: Mausfalbschecke [&hellip;]<\/p>\n","protected":false},"author":1,"featured_media":0,"parent":0,"menu_order":0,"comment_status":"closed","ping_status":"closed","template":"","meta":{"footnotes":""},"class_list":["post-99","page","type-page","status-publish","hentry"],"_links":{"self":[{"href":"https:\/\/islandpferde-vom-skogahof.de\/wordpress\/wp-json\/wp\/v2\/pages\/99","targetHints":{"allow":["GET"]}}],"collection":[{"href":"https:\/\/islandpferde-vom-skogahof.de\/wordpress\/wp-json\/wp\/v2\/pages"}],"about":[{"href":"https:\/\/islandpferde-vom-skogahof.de\/wordpress\/wp-json\/wp\/v2\/types\/page"}],"author":[{"embeddable":true,"href":"https:\/\/islandpferde-vom-skogahof.de\/wordpress\/wp-json\/wp\/v2\/users\/1"}],"replies":[{"embeddable":true,"href":"https:\/\/islandpferde-vom-skogahof.de\/wordpress\/wp-json\/wp\/v2\/comments?post=99"}],"version-history":[{"count":22,"href":"https:\/\/islandpferde-vom-skogahof.de\/wordpress\/wp-json\/wp\/v2\/pages\/99\/revisions"}],"predecessor-version":[{"id":352,"href":"https:\/\/islandpferde-vom-skogahof.de\/wordpress\/wp-json\/wp\/v2\/pages\/99\/revisions\/352"}],"wp:attachment":[{"href":"https:\/\/islandpferde-vom-skogahof.de\/wordpress\/wp-json\/wp\/v2\/media?parent=99"}],"curies":[{"name":"wp","href":"https:\/\/api.w.org\/{rel}","templated":true}]}}